{"id":41,"date":"2023-08-22T11:45:37","date_gmt":"2023-08-22T09:45:37","guid":{"rendered":"https:\/\/andreasbendig.de\/life\/"},"modified":"2023-08-23T10:24:27","modified_gmt":"2023-08-23T08:24:27","slug":"life","status":"publish","type":"page","link":"https:\/\/andreasbendig.de\/portal\/life\/","title":{"rendered":"Life"},"content":{"rendered":"\n    \n    <section class=\"u-clearfix u-palette-1-dark-3 u-section-2\" id=\"carousel_28a8\">\n      <div class=\"u-expanded-width u-grey-90 u-shape u-shape-rectangle u-shape-1\"><\/div>\n      <div class=\"u-container-style u-group u-radius-5 u-shape-round u-white u-group-1\">\n        <div class=\"u-container-layout u-valign-top u-container-layout-1\">\n          <h2 class=\"u-align-left u-text u-text-1\"> Hobbies &amp; Interessen<\/h2>\n          <p class=\"u-align-left u-text u-text-2\">F\u00fcr die einzelen Interessenbereiche habe ich weitere Webseiten, die sich intensiver mit dem jeweiligen Bereich besch\u00e4ftigen. Daher hier nur ein kleiner Abriss...<a href=\"https:\/\/www.freepik.com\/photos\/kilimanjaro\" class=\"u-active-none u-border-1 u-border-active-grey-60 u-border-black u-border-hover-grey-60 u-border-no-left u-border-no-right u-border-no-top u-btn u-button-link u-button-style u-hover-none u-none u-text-body-color u-btn-1\" target=\"_blank\"><\/a>\n          <\/p>\n        <\/div>\n      <\/div>\n      <img decoding=\"async\" class=\"u-image u-image-circle u-image-1\" data-image-width=\"5695\" data-image-height=\"3840\" src=\"https:\/\/andreasbendig.de\/wp-content\/uploads\/2023\/08\/102268531-0.jpeg\" alt=\"Image from Freepik\">\n    <\/section>\n    <section class=\"u-clearfix u-palette-1-dark-3 u-section-3\" id=\"carousel_e9ba\">\n      <div class=\"u-clearfix u-sheet u-sheet-1\">\n        <div class=\"u-expanded-width u-list u-list-1\">\n          <div class=\"u-repeater u-repeater-1\">\n            <div class=\"u-container-align-center-lg u-container-align-center-sm u-container-align-center-xl u-container-align-center-xs u-container-style u-custom-item u-image u-image-round u-list-item u-radius-5 u-repeater-item u-shape-round u-image-1\" data-image-width=\"900\" data-image-height=\"564\" style=\"background-image: url(&quot;https:\/\/andreasbendig.de\/wp-content\/uploads\/2023\/08\/102268531-02.jpeg&quot;);\">\n              <div class=\"u-container-layout u-similar-container u-valign-top u-container-layout-1\">\n                <div class=\"u-container-style u-custom-item u-group u-hover-feature u-opacity u-opacity-75 u-shape-round u-radius-5 u-grey-90 u-group-1\">\n                  <div class=\"u-container-layout u-container-layout-2\">\n                    <h4 class=\"u-align-center u-custom-item u-text u-text-body-alt-color u-text-default u-text-1\">Schottland<\/h4>\n                    <p class=\"u-align-center u-custom-item u-text u-text-2\">Ich mag Land, Leute und Traditionen und habe schon viele Urlaube in diesem einzigartigem Land verbracht.<\/p>\n                  <\/div>\n                <\/div>\n              <\/div>\n            <\/div>\n            <div class=\"u-container-align-center u-container-style u-custom-item u-image u-image-round u-list-item u-radius-5 u-repeater-item u-shape-round u-image-2\" data-image-width=\"829\" data-image-height=\"829\" style=\"background-image: url(&quot;https:\/\/andreasbendig.de\/wp-content\/uploads\/2023\/08\/452545.jpg&quot;);\">\n              <div class=\"u-container-layout u-similar-container u-valign-top u-container-layout-3\">\n                <div class=\"u-container-style u-custom-item u-grey-90 u-group u-opacity u-opacity-75 u-radius-5 u-shape-round u-group-2\">\n                  <div class=\"u-container-layout u-container-layout-4\">\n                    <h4 class=\"u-align-center u-custom-item u-text u-text-default u-text-3\">Fotografie<\/h4>\n                    <p class=\"u-align-center u-custom-item u-text u-text-4\">Seit 15 Jahre fotografiere ich digital und hakte so viele Momente in meinem Leben fest.<\/p>\n                  <\/div>\n                <\/div>\n              <\/div>\n            <\/div>\n            <div class=\"u-container-align-center u-container-style u-custom-item u-image u-image-round u-list-item u-radius-5 u-repeater-item u-shape-round u-image-3\" data-image-width=\"656\" data-image-height=\"656\" style=\"background-image: url(&quot;https:\/\/andreasbendig.de\/wp-content\/uploads\/2023\/08\/werwer.jpg&quot;);\">\n              <div class=\"u-container-layout u-similar-container u-valign-top u-container-layout-5\">\n                <div class=\"u-container-style u-custom-item u-grey-90 u-group u-opacity u-opacity-75 u-radius-5 u-shape-round u-group-3\">\n                  <div class=\"u-container-layout u-container-layout-6\">\n                    <h4 class=\"u-align-center u-custom-item u-text u-text-default u-text-5\">Wandern<br>\n                    <\/h4>\n                    <p class=\"u-align-center u-custom-item u-text u-text-6\">Wanderungen in der freien Natur sind f\u00fcr mich eine M\u00f6glichkeit, den Alltag hinter mi zu lassen und sch\u00f6nen Gedanken nachzuh\u00e4ngen<\/p>\n                  <\/div>\n                <\/div>\n              <\/div>\n            <\/div>\n            <div class=\"u-container-align-center u-container-style u-custom-item u-image u-image-round u-list-item u-radius-5 u-repeater-item u-shape-round u-image-4\" data-image-width=\"1280\" data-image-height=\"853\" style=\"background-image: url(&quot;https:\/\/andreasbendig.de\/wp-content\/uploads\/2023\/08\/c1febadbcda7437ef64d9ce6ab04076c6cf29175e7821b32adc14bf346017764cbe495787f1a95ccac7c7e1ed148d6d6a26aa96dc851f2144bd8e1_1280.jpg&quot;);\">\n              <div class=\"u-container-layout u-similar-container u-valign-top u-container-layout-7\">\n                <div class=\"u-container-style u-custom-item u-grey-90 u-group u-opacity u-opacity-75 u-radius-5 u-shape-round u-group-4\">\n                  <div class=\"u-container-layout u-container-layout-8\">\n                    <h4 class=\"u-align-center u-custom-item u-text u-text-body-alt-color u-text-default u-text-7\">Musik<\/h4>\n                    <p class=\"u-align-center u-custom-item u-text u-text-body-alt-color u-text-8\">Ich spiele Gitarre und habe Spa\u00df daran, in meinen keinen Tonstudio zu experimentieren<\/p>\n                  <\/div>\n                <\/div>\n              <\/div>\n            <\/div>\n            <div class=\"u-container-align-center u-container-style u-custom-item u-image u-image-round u-list-item u-radius-5 u-repeater-item u-shape-round u-image-5\" data-image-width=\"4000\" data-image-height=\"3000\" style=\"background-image: url(&quot;https:\/\/andreasbendig.de\/wp-content\/uploads\/2023\/08\/20230809_194839.jpg&quot;);\">\n              <div class=\"u-container-layout u-similar-container u-valign-top u-container-layout-9\">\n                <div class=\"u-container-style u-custom-item u-grey-90 u-group u-opacity u-opacity-75 u-radius-5 u-shape-round u-group-5\">\n                  <div class=\"u-container-layout u-container-layout-10\">\n                    <h4 class=\"u-align-center u-custom-item u-text u-text-default u-text-9\">Tiere<\/h4>\n                    <p class=\"u-align-center u-custom-item u-text u-text-10\">Meine beiden Setter sind ein wichtiger Teil in meinen Leben und fordern diese gemeinsame Zeit auch ein<\/p>\n                  <\/div>\n                <\/div>\n              <\/div>\n            <\/div>\n            <div class=\"u-container-align-center u-container-style u-custom-item u-image u-image-round u-list-item u-radius-5 u-repeater-item u-shape-round u-image-6\" data-image-width=\"724\" data-image-height=\"724\" style=\"background-image: url(&quot;https:\/\/andreasbendig.de\/wp-content\/uploads\/2023\/08\/34444456.jpg&quot;);\">\n              <div class=\"u-container-layout u-similar-container u-valign-top u-container-layout-11\">\n                <div class=\"u-container-style u-custom-item u-grey-90 u-group u-opacity u-opacity-75 u-radius-5 u-shape-round u-group-6\">\n                  <div class=\"u-container-layout u-container-layout-12\">\n                    <h4 class=\"u-align-center u-custom-item u-text u-text-default u-text-11\">Radfahren<\/h4>\n                    <p class=\"u-align-center u-custom-item u-text u-text-12\">Wenn die Energie zu viel ist, dann geht es auf die Stra\u00dfe. Aber gerne abseits der Hauptstra\u00dfen!<\/p>\n                  <\/div>\n                <\/div>\n              <\/div>\n            <\/div>\n          <\/div>\n        <\/div>\n      <\/div>\n      \n    <\/section>\n    \n    \n    \n  \n","protected":false},"excerpt":{"rendered":"<p>Hobbies &amp; Interessen F\u00fcr die einzelen Interessenbereiche habe ich weitere Webseiten, die sich intensiver mit dem jeweiligen Bereich besch\u00e4ftigen. Daher hier nur ein kleiner Abriss&#8230; Schottland Ich mag Land, Leute und Traditionen und habe schon viele Urlaube in diesem einzigartigem Land verbracht. Fotografie Seit 15 Jahre fotografiere ich digital und hakte so viele Momente in &hellip; <a href=\"https:\/\/andreasbendig.de\/portal\/life\/\" class=\"more-link\">Continue reading<span class=\"screen-reader-text\"> &#8222;Life&#8220;<\/span><\/a><\/p>\n","protected":false},"author":1,"featured_media":0,"parent":0,"menu_order":2,"comment_status":"closed","ping_status":"closed","template":"","meta":{"footnotes":""},"class_list":["post-41","page","type-page","status-publish","hentry"],"_links":{"self":[{"href":"https:\/\/andreasbendig.de\/portal\/wp-json\/wp\/v2\/pages\/41","targetHints":{"allow":["GET"]}}],"collection":[{"href":"https:\/\/andreasbendig.de\/portal\/wp-json\/wp\/v2\/pages"}],"about":[{"href":"https:\/\/andreasbendig.de\/portal\/wp-json\/wp\/v2\/types\/page"}],"author":[{"embeddable":true,"href":"https:\/\/andreasbendig.de\/portal\/wp-json\/wp\/v2\/users\/1"}],"replies":[{"embeddable":true,"href":"https:\/\/andreasbendig.de\/portal\/wp-json\/wp\/v2\/comments?post=41"}],"version-history":[{"count":2,"href":"https:\/\/andreasbendig.de\/portal\/wp-json\/wp\/v2\/pages\/41\/revisions"}],"predecessor-version":[{"id":62,"href":"https:\/\/andreasbendig.de\/portal\/wp-json\/wp\/v2\/pages\/41\/revisions\/62"}],"wp:attachment":[{"href":"https:\/\/andreasbendig.de\/portal\/wp-json\/wp\/v2\/media?parent=41"}],"curies":[{"name":"wp","href":"https:\/\/api.w.org\/{rel}","templated":true}]}}